{"id":1509,"date":"2024-09-14T23:21:51","date_gmt":"2024-09-14T23:21:51","guid":{"rendered":"https:\/\/astro-obser.com\/?page_id=1509"},"modified":"2024-09-14T23:26:46","modified_gmt":"2024-09-14T23:26:46","slug":"blog","status":"publish","type":"page","link":"https:\/\/astro-obser.com\/en\/blog\/","title":{"rendered":"Blog"},"content":{"rendered":"\t\t<div data-elementor-type=\"wp-page\" data-elementor-id=\"1509\" class=\"elementor elementor-1509\">\n\t\t\t\t<div class=\"elementor-element elementor-element-5b99abc e-flex e-con-boxed e-con e-parent\" data-id=\"5b99abc\" data-element_type=\"container\" data-e-type=\"container\">\n\t\t\t\t\t<div class=\"e-con-inner\">\n\t\t\t\t<div class=\"elementor-element elementor-element-7b7a38d elementor-widget elementor-widget-heading\" data-id=\"7b7a38d\" data-element_type=\"widget\" data-e-type=\"widget\" data-widget_type=\"heading.default\">\n\t\t\t\t<div class=\"elementor-widget-container\">\n\t\t\t\t\t<h1 class=\"elementor-heading-title elementor-size-default\">Horary Astrology: What? How?<\/h1>\t\t\t\t<\/div>\n\t\t\t\t<\/div>\n\t\t\t\t<div class=\"elementor-element elementor-element-8a69743 elementor-widget elementor-widget-uael-posts\" data-id=\"8a69743\" data-element_type=\"widget\" data-e-type=\"widget\" data-settings=\"{&quot;feed_slides_to_show_tablet&quot;:2,&quot;feed_slides_to_show_mobile&quot;:1,&quot;feed_show_filters&quot;:&quot;no&quot;}\" data-widget_type=\"uael-posts.feed\">\n\t\t\t\t<div class=\"elementor-widget-container\">\n\t\t\t\t\t\t\t<div class=\"uael-post__header\">\n\t\t\t\t\t<\/div>\n\t\t<div class=\"uael-post__body\">\n\t\t\t\n\t\t\n\t\t<div class=\"uael-post-grid uael-posts\" data-query-type=\"custom\" data-structure=\"\" data-layout=\"\" data-page=\"1509\" data-skin=\"feed\" data-filter-default=\"\" data-offset-top=\"30\" >\n\n\t\t\t\t\t\t\t<div class=\"uael-post-grid__inner uael-post__columns-1 uael-post__columns-tablet-1 uael-post__columns-mobile-1\">\n\t\t\t\n\n<div class=\"uael-post-wrapper  blog \">\n\n\t<div class=\"uael-post__bg-wrap\">\n\t\t\n\t\t\n\t\t<div class=\"uael-post__inner-wrap \">\n\n\t\t\t\t<div class=\"uael-post__thumbnail\">\n\t\t\t\n\t\t\t<a href=\"https:\/\/astro-obser.com\/en\/who-will-win-the-conflict-ukraine-or-russia\/\" target=\"_self\" title=\"Who will win the conflict &#8211; Ukraine or Russia?\"><img fetchpriority=\"high\" decoding=\"async\" width=\"1239\" height=\"722\" src=\"https:\/\/astro-obser.com\/wp-content\/uploads\/2024\/09\/6e8264c3-0840-47c8-a2da-6d82c46c535e-e1726353222575.jpg\" class=\"attachment-full size-full wp-image-1501\" alt=\"\" srcset=\"https:\/\/astro-obser.com\/wp-content\/uploads\/2024\/09\/6e8264c3-0840-47c8-a2da-6d82c46c535e-e1726353222575.jpg 1239w, https:\/\/astro-obser.com\/wp-content\/uploads\/2024\/09\/6e8264c3-0840-47c8-a2da-6d82c46c535e-e1726353222575-300x175.jpg 300w, https:\/\/astro-obser.com\/wp-content\/uploads\/2024\/09\/6e8264c3-0840-47c8-a2da-6d82c46c535e-e1726353222575-1024x597.jpg 1024w, https:\/\/astro-obser.com\/wp-content\/uploads\/2024\/09\/6e8264c3-0840-47c8-a2da-6d82c46c535e-e1726353222575-768x448.jpg 768w, https:\/\/astro-obser.com\/wp-content\/uploads\/2024\/09\/6e8264c3-0840-47c8-a2da-6d82c46c535e-e1726353222575-18x10.jpg 18w, https:\/\/astro-obser.com\/wp-content\/uploads\/2024\/09\/6e8264c3-0840-47c8-a2da-6d82c46c535e-e1726353222575-600x350.jpg 600w\" sizes=\"(max-width: 1239px) 100vw, 1239px\" \/><\/a>\n\t\t\t\t\t<\/div>\n\t\t\n\t\t\t\n\t\t\t<div class=\"uael-post__content-wrap\">\n\n\t\t\t<span class=\"uael-post__terms\"><a href=\"https:\/\/astro-obser.com\/en\/category\/blog\/\" class=\"uael-listing__terms-link\" id=\"uael-post-term-blog\" aria-labelledby=\"uael-post-term-blog\">Blog<\/a><\/span>\t\t<h3 class=\"uael-post__title\">\n\n\t\t\n\t\t\t\t\t\t<a href=\"https:\/\/astro-obser.com\/en\/who-will-win-the-conflict-ukraine-or-russia\/\" target=\"_self\">\n\t\t\t\tWho will win the conflict &#8211; Ukraine or Russia?\t\t\t<\/a>\n\n\t\t\t\t<\/h3>\n\t\t<div class=\"uael-post__separator\"><\/div>\n\t\t<div class=\"uael-post__excerpt\">\n\t\t\tWho will win the conflict &#8211; Ukraine or Russia? Interesting, isn\u2019t it? Now, let\u2019s deconstruct this: First of all, a person who claims to answer ...\t\t<\/div>\n\n\t\t\t\t\t<div class=\"uael-post__meta-data\">\n\t\t\t\t\t<span class=\"uael-post__date\">\n\t\t\t\t\t\t\t\t\t\t\t\t\t<svg aria-hidden=\"true\" class=\"e-font-icon-svg e-fa-calendar\" viewBox=\"0 0 448 512\" xmlns=\"http:\/\/www.w3.org\/2000\/svg\"><path d=\"M12 192h424c6.6 0 12 5.4 12 12v260c0 26.5-21.5 48-48 48H48c-26.5 0-48-21.5-48-48V204c0-6.6 5.4-12 12-12zm436-44v-36c0-26.5-21.5-48-48-48h-48V12c0-6.6-5.4-12-12-12h-40c-6.6 0-12 5.4-12 12v52H160V12c0-6.6-5.4-12-12-12h-40c-6.6 0-12 5.4-12 12v52H48C21.5 64 0 85.5 0 112v36c0 6.6 5.4 12 12 12h424c6.6 0 12-5.4 12-12z\"><\/path><\/svg>\t\t\t\t\t\t\t\t\t\n\t\t\t2024 September 14\t\t<\/span>\n\t\t\t\t<\/div>\n\t\t\t\t\t<\/div>\n\t\t\t\n\t\t<\/div>\n\t\t\n\t<\/div>\n\n<\/div>\n\n\n<div class=\"uael-post-wrapper  blog \">\n\n\t<div class=\"uael-post__bg-wrap\">\n\t\t\n\t\t\n\t\t<div class=\"uael-post__inner-wrap \">\n\n\t\t\t\t<div class=\"uael-post__thumbnail\">\n\t\t\t\n\t\t\t<a href=\"https:\/\/astro-obser.com\/en\/interview-with-astrologer-ingrida-romaskaite-part-ii\/\" target=\"_self\" title=\"Interview with Astrologer Ingrida Roma\u0161kait\u0117. Part II\"><img decoding=\"async\" width=\"2560\" height=\"1707\" src=\"https:\/\/astro-obser.com\/wp-content\/uploads\/2024\/09\/IMG_7310-scaled-1.jpg\" class=\"attachment-full size-full wp-image-1521\" alt=\"\" srcset=\"https:\/\/astro-obser.com\/wp-content\/uploads\/2024\/09\/IMG_7310-scaled-1.jpg 2560w, https:\/\/astro-obser.com\/wp-content\/uploads\/2024\/09\/IMG_7310-scaled-1-300x200.jpg 300w, https:\/\/astro-obser.com\/wp-content\/uploads\/2024\/09\/IMG_7310-scaled-1-1024x683.jpg 1024w, https:\/\/astro-obser.com\/wp-content\/uploads\/2024\/09\/IMG_7310-scaled-1-768x512.jpg 768w, https:\/\/astro-obser.com\/wp-content\/uploads\/2024\/09\/IMG_7310-scaled-1-1536x1024.jpg 1536w, https:\/\/astro-obser.com\/wp-content\/uploads\/2024\/09\/IMG_7310-scaled-1-2048x1366.jpg 2048w, https:\/\/astro-obser.com\/wp-content\/uploads\/2024\/09\/IMG_7310-scaled-1-18x12.jpg 18w, https:\/\/astro-obser.com\/wp-content\/uploads\/2024\/09\/IMG_7310-scaled-1-600x400.jpg 600w\" sizes=\"(max-width: 2560px) 100vw, 2560px\" \/><\/a>\n\t\t\t\t\t<\/div>\n\t\t\n\t\t\t\n\t\t\t<div class=\"uael-post__content-wrap\">\n\n\t\t\t<span class=\"uael-post__terms\"><a href=\"https:\/\/astro-obser.com\/en\/category\/blog\/\" class=\"uael-listing__terms-link\" id=\"uael-post-term-blog\" aria-labelledby=\"uael-post-term-blog\">Blog<\/a><\/span>\t\t<h3 class=\"uael-post__title\">\n\n\t\t\n\t\t\t\t\t\t<a href=\"https:\/\/astro-obser.com\/en\/interview-with-astrologer-ingrida-romaskaite-part-ii\/\" target=\"_self\">\n\t\t\t\tInterview with Astrologer Ingrida Roma\u0161kait\u0117. Part II\t\t\t<\/a>\n\n\t\t\t\t<\/h3>\n\t\t<div class=\"uael-post__separator\"><\/div>\n\t\t<div class=\"uael-post__excerpt\">\n\t\t\tInterview with Astrologer Ingrida Roma\u0161kait\u0117. Part II Part II. Tr\u016bksta pavadinimo It was valuable to see how astrology is practiced in one of China\u2019s Zhejiang ...\t\t<\/div>\n\n\t\t\t\t\t<div class=\"uael-post__meta-data\">\n\t\t\t\t\t<span class=\"uael-post__date\">\n\t\t\t\t\t\t\t\t\t\t\t\t\t<svg aria-hidden=\"true\" class=\"e-font-icon-svg e-fa-calendar\" viewBox=\"0 0 448 512\" xmlns=\"http:\/\/www.w3.org\/2000\/svg\"><path d=\"M12 192h424c6.6 0 12 5.4 12 12v260c0 26.5-21.5 48-48 48H48c-26.5 0-48-21.5-48-48V204c0-6.6 5.4-12 12-12zm436-44v-36c0-26.5-21.5-48-48-48h-48V12c0-6.6-5.4-12-12-12h-40c-6.6 0-12 5.4-12 12v52H160V12c0-6.6-5.4-12-12-12h-40c-6.6 0-12 5.4-12 12v52H48C21.5 64 0 85.5 0 112v36c0 6.6 5.4 12 12 12h424c6.6 0 12-5.4 12-12z\"><\/path><\/svg>\t\t\t\t\t\t\t\t\t\n\t\t\t2024 September 14\t\t<\/span>\n\t\t\t\t<\/div>\n\t\t\t\t\t<\/div>\n\t\t\t\n\t\t<\/div>\n\t\t\n\t<\/div>\n\n<\/div>\n\n\n<div class=\"uael-post-wrapper  blog \">\n\n\t<div class=\"uael-post__bg-wrap\">\n\t\t\n\t\t\n\t\t<div class=\"uael-post__inner-wrap \">\n\n\t\t\t\t<div class=\"uael-post__thumbnail\">\n\t\t\t\n\t\t\t<a href=\"https:\/\/astro-obser.com\/en\/interview-with-astrologer-ingrida-romaskaite\/\" target=\"_self\" title=\"Interview with Astrologer Ingrida Roma\u0161kait\u0117. Part I\"><img decoding=\"async\" width=\"1727\" height=\"2560\" src=\"https:\/\/astro-obser.com\/wp-content\/uploads\/2024\/09\/STRAIPSNIUI-BURTININKAS-2-DALIS1-scaled-1.jpg\" class=\"attachment-full size-full wp-image-1520\" alt=\"\" srcset=\"https:\/\/astro-obser.com\/wp-content\/uploads\/2024\/09\/STRAIPSNIUI-BURTININKAS-2-DALIS1-scaled-1.jpg 1727w, https:\/\/astro-obser.com\/wp-content\/uploads\/2024\/09\/STRAIPSNIUI-BURTININKAS-2-DALIS1-scaled-1-202x300.jpg 202w, https:\/\/astro-obser.com\/wp-content\/uploads\/2024\/09\/STRAIPSNIUI-BURTININKAS-2-DALIS1-scaled-1-691x1024.jpg 691w, https:\/\/astro-obser.com\/wp-content\/uploads\/2024\/09\/STRAIPSNIUI-BURTININKAS-2-DALIS1-scaled-1-768x1138.jpg 768w, https:\/\/astro-obser.com\/wp-content\/uploads\/2024\/09\/STRAIPSNIUI-BURTININKAS-2-DALIS1-scaled-1-1036x1536.jpg 1036w, https:\/\/astro-obser.com\/wp-content\/uploads\/2024\/09\/STRAIPSNIUI-BURTININKAS-2-DALIS1-scaled-1-1382x2048.jpg 1382w, https:\/\/astro-obser.com\/wp-content\/uploads\/2024\/09\/STRAIPSNIUI-BURTININKAS-2-DALIS1-scaled-1-8x12.jpg 8w, https:\/\/astro-obser.com\/wp-content\/uploads\/2024\/09\/STRAIPSNIUI-BURTININKAS-2-DALIS1-scaled-1-600x889.jpg 600w\" sizes=\"(max-width: 1727px) 100vw, 1727px\" \/><\/a>\n\t\t\t\t\t<\/div>\n\t\t\n\t\t\t\n\t\t\t<div class=\"uael-post__content-wrap\">\n\n\t\t\t<span class=\"uael-post__terms\"><a href=\"https:\/\/astro-obser.com\/en\/category\/blog\/\" class=\"uael-listing__terms-link\" id=\"uael-post-term-blog\" aria-labelledby=\"uael-post-term-blog\">Blog<\/a><\/span>\t\t<h3 class=\"uael-post__title\">\n\n\t\t\n\t\t\t\t\t\t<a href=\"https:\/\/astro-obser.com\/en\/interview-with-astrologer-ingrida-romaskaite\/\" target=\"_self\">\n\t\t\t\tInterview with Astrologer Ingrida Roma\u0161kait\u0117. Part I\t\t\t<\/a>\n\n\t\t\t\t<\/h3>\n\t\t<div class=\"uael-post__separator\"><\/div>\n\t\t<div class=\"uael-post__excerpt\">\n\t\t\tInterview with Astrologer Ingrida Roma\u0161kait\u0117. Part I An Unfamiliar Piece of the World Puzzle: Why Do We Not Understand Astrology? \u2013 You have completed university ...\t\t<\/div>\n\n\t\t\t\t\t<div class=\"uael-post__meta-data\">\n\t\t\t\t\t<span class=\"uael-post__date\">\n\t\t\t\t\t\t\t\t\t\t\t\t\t<svg aria-hidden=\"true\" class=\"e-font-icon-svg e-fa-calendar\" viewBox=\"0 0 448 512\" xmlns=\"http:\/\/www.w3.org\/2000\/svg\"><path d=\"M12 192h424c6.6 0 12 5.4 12 12v260c0 26.5-21.5 48-48 48H48c-26.5 0-48-21.5-48-48V204c0-6.6 5.4-12 12-12zm436-44v-36c0-26.5-21.5-48-48-48h-48V12c0-6.6-5.4-12-12-12h-40c-6.6 0-12 5.4-12 12v52H160V12c0-6.6-5.4-12-12-12h-40c-6.6 0-12 5.4-12 12v52H48C21.5 64 0 85.5 0 112v36c0 6.6 5.4 12 12 12h424c6.6 0 12-5.4 12-12z\"><\/path><\/svg>\t\t\t\t\t\t\t\t\t\n\t\t\t2024 September 14\t\t<\/span>\n\t\t\t\t<\/div>\n\t\t\t\t\t<\/div>\n\t\t\t\n\t\t<\/div>\n\t\t\n\t<\/div>\n\n<\/div>\n\t\t\t\t<\/div>\n\t\t\t\t\t\t\n\t\t<\/div>\n\n\t\t\t\t\t\t<\/div>\n\t\t<div class=\"uael-post__footer\">\n\t\t\t\t\t<\/div>\n\t\t\t\t\t\t<\/div>\n\t\t\t\t<\/div>\n\t\t\t\t\t<\/div>\n\t\t\t\t<\/div>\n\t\t\t\t<\/div>\n\t\t","protected":false},"excerpt":{"rendered":"<p>Horary Astrology: What? How? Blog Who will win the conflict &#8211; Ukraine or Russia? Who will win the conflict &#8211; Ukraine or Russia? Interesting, isn\u2019t it? Now, let\u2019s deconstruct this: First of all, a person who claims to answer &#8230; 2024 September 14 Blog Interview with Astrologer Ingrida Roma\u0161kait\u0117. Part II Interview with Astrologer Ingrida [&hellip;]<\/p>\n","protected":false},"author":1,"featured_media":0,"parent":0,"menu_order":0,"comment_status":"closed","ping_status":"closed","template":"","meta":{"site-sidebar-layout":"no-sidebar","site-content-layout":"page-builder","ast-site-content-layout":"full-width-container","site-content-style":"default","site-sidebar-style":"default","ast-global-header-display":"","ast-banner-title-visibility":"","ast-main-header-display":"","ast-hfb-above-header-display":"","ast-hfb-below-header-display":"","ast-hfb-mobile-header-display":"","site-post-title":"disabled","ast-breadcrumbs-content":"","ast-featured-img":"disabled","footer-sml-layout":"","ast-disable-related-posts":"","theme-transparent-header-meta":"","adv-header-id-meta":"","stick-header-meta":"","header-above-stick-meta":"","header-main-stick-meta":"","header-below-stick-meta":"","astra-migrate-meta-layouts":"set","ast-page-background-enabled":"default","ast-page-background-meta":{"desktop":{"background-color":"var(--ast-global-color-4)","background-image":"","background-repeat":"repeat","background-position":"center center","background-size":"auto","background-attachment":"scroll","background-type":"","background-media":"","overlay-type":"","overlay-color":"","overlay-opacity":"","overlay-gradient":""},"tablet":{"background-color":"","background-image":"","background-repeat":"repeat","background-position":"center center","background-size":"auto","background-attachment":"scroll","background-type":"","background-media":"","overlay-type":"","overlay-color":"","overlay-opacity":"","overlay-gradient":""},"mobile":{"background-color":"","background-image":"","background-repeat":"repeat","background-position":"center center","background-size":"auto","background-attachment":"scroll","background-type":"","background-media":"","overlay-type":"","overlay-color":"","overlay-opacity":"","overlay-gradient":""}},"ast-content-background-meta":{"desktop":{"background-color":"var(--ast-global-color-5)","background-image":"","background-repeat":"repeat","background-position":"center center","background-size":"auto","background-attachment":"scroll","background-type":"","background-media":"","overlay-type":"","overlay-color":"","overlay-opacity":"","overlay-gradient":""},"tablet":{"background-color":"var(--ast-global-color-5)","background-image":"","background-repeat":"repeat","background-position":"center center","background-size":"auto","background-attachment":"scroll","background-type":"","background-media":"","overlay-type":"","overlay-color":"","overlay-opacity":"","overlay-gradient":""},"mobile":{"background-color":"var(--ast-global-color-5)","background-image":"","background-repeat":"repeat","background-position":"center center","background-size":"auto","background-attachment":"scroll","background-type":"","background-media":"","overlay-type":"","overlay-color":"","overlay-opacity":"","overlay-gradient":""}},"footnotes":""},"class_list":["post-1509","page","type-page","status-publish","hentry"],"aioseo_notices":[],"_links":{"self":[{"href":"https:\/\/astro-obser.com\/en\/wp-json\/wp\/v2\/pages\/1509"}],"collection":[{"href":"https:\/\/astro-obser.com\/en\/wp-json\/wp\/v2\/pages"}],"about":[{"href":"https:\/\/astro-obser.com\/en\/wp-json\/wp\/v2\/types\/page"}],"author":[{"embeddable":true,"href":"https:\/\/astro-obser.com\/en\/wp-json\/wp\/v2\/users\/1"}],"replies":[{"embeddable":true,"href":"https:\/\/astro-obser.com\/en\/wp-json\/wp\/v2\/comments?post=1509"}],"version-history":[{"count":10,"href":"https:\/\/astro-obser.com\/en\/wp-json\/wp\/v2\/pages\/1509\/revisions"}],"predecessor-version":[{"id":1519,"href":"https:\/\/astro-obser.com\/en\/wp-json\/wp\/v2\/pages\/1509\/revisions\/1519"}],"wp:attachment":[{"href":"https:\/\/astro-obser.com\/en\/wp-json\/wp\/v2\/media?parent=1509"}],"curies":[{"name":"wp","href":"https:\/\/api.w.org\/{rel}","templated":true}]}}