{"id":1328,"date":"2024-09-07T16:53:00","date_gmt":"2024-09-07T16:53:00","guid":{"rendered":"https:\/\/astro-obser.com\/?page_id=1328"},"modified":"2024-09-07T17:25:01","modified_gmt":"2024-09-07T17:25:01","slug":"horary-astrology","status":"publish","type":"page","link":"https:\/\/astro-obser.com\/lt\/horary-astrology\/","title":{"rendered":"Valandin\u0117 astrologija"},"content":{"rendered":"<div data-elementor-type=\"wp-page\" data-elementor-id=\"1328\" class=\"elementor elementor-1328\">\n\t\t\t\t<div class=\"elementor-element elementor-element-33b0388 e-flex e-con-boxed e-con e-parent\" data-id=\"33b0388\" data-element_type=\"container\" data-e-type=\"container\" data-settings=\"{&quot;background_background&quot;:&quot;classic&quot;}\">\n\t\t\t\t\t<div class=\"e-con-inner\">\n\t\t<div class=\"elementor-element elementor-element-c5a3deb e-con-full e-flex e-con e-child\" data-id=\"c5a3deb\" data-element_type=\"container\" data-e-type=\"container\">\n\t\t<div class=\"elementor-element elementor-element-cde1d27 e-con-full e-flex e-con e-child\" data-id=\"cde1d27\" data-element_type=\"container\" data-e-type=\"container\">\n\t\t<div class=\"elementor-element elementor-element-110c043 e-con-full e-flex e-con e-child\" data-id=\"110c043\" data-element_type=\"container\" data-e-type=\"container\">\n\t\t\t\t<div class=\"elementor-element elementor-element-b21d76d elementor-widget elementor-widget-heading\" data-id=\"b21d76d\" data-element_type=\"widget\" data-e-type=\"widget\" data-widget_type=\"heading.default\">\n\t\t\t\t<div class=\"elementor-widget-container\">\n\t\t\t\t\t<h1 class=\"elementor-heading-title elementor-size-default\">Valandin\u0117 astrologija. Kas? Kaip?<\/h1>\t\t\t\t<\/div>\n\t\t\t\t<\/div>\n\t\t\t\t<\/div>\n\t\t<div class=\"elementor-element elementor-element-5fcbefd e-con-full e-flex e-con e-child\" data-id=\"5fcbefd\" data-element_type=\"container\" data-e-type=\"container\">\n\t\t\t\t<div class=\"elementor-element elementor-element-c5ba655 elementor-widget elementor-widget-heading\" data-id=\"c5ba655\" data-element_type=\"widget\" data-e-type=\"widget\" data-widget_type=\"heading.default\">\n\t\t\t\t<div class=\"elementor-widget-container\">\n\t\t\t\t\t<h3 class=\"elementor-heading-title elementor-size-default\">\u0160iek tiek apie istorij\u0105 ir metod\u0105<\/h3>\t\t\t\t<\/div>\n\t\t\t\t<\/div>\n\t\t\t\t<div class=\"elementor-element elementor-element-d22ebb1 elementor-widget-divider--view-line elementor-widget elementor-widget-divider\" data-id=\"d22ebb1\" data-element_type=\"widget\" data-e-type=\"widget\" data-widget_type=\"divider.default\">\n\t\t\t\t<div class=\"elementor-widget-container\">\n\t\t\t\t\t\t\t<div class=\"elementor-divider\">\n\t\t\t<span class=\"elementor-divider-separator\">\n\t\t\t\t\t\t<\/span>\n\t\t<\/div>\n\t\t\t\t\t\t<\/div>\n\t\t\t\t<\/div>\n\t\t\t\t<div class=\"elementor-element elementor-element-699e7fc elementor-widget elementor-widget-text-editor\" data-id=\"699e7fc\" data-element_type=\"widget\" data-e-type=\"widget\" data-widget_type=\"text-editor.default\">\n\t\t\t\t<div class=\"elementor-widget-container\">\n\t\t\t\t\t\t\t\t\t<p>Pirminiai valandin\u0117s astrologijos pavadinimai buvo: graik\u0173 kalba - erotesis, arab\u0173 - masa\u2019il, sanskrito - pra\u015bna, o v\u0117lyvuosiuose angli\u0161kuose \u0161altiniuose aptinkami pavadinimai: klausimai (questions), apklausos (interrogations), proced\u016briniai klausimai, u\u017eduodami prie\u0161 nagrin\u0117jant konsultacin\u012f br\u0117\u017ein\u012f (inquiries). Tik 17 am\u017eiuje tuometinis garsiausias Anglijos astrologas Viljamas Lilis (William Lilly) pavadino ir i\u0161garsino valandin\u0119 astrologij\u0105 dabar \u017einomu pavadinimu - valandin\u0117s astrologijos klausimai (horary astrology questions) - galiausiai sutrumpino \u012f - valandin\u0117 astrologija (horary astrology).<\/p><p>Anks\u010diausiai valandin\u0117 astrologija, pagal i\u0161likusius ir i\u0161tirtus ra\u0161ytinius \u0161altinius, minima keliose i\u0161traukose, priskiriamose Hermiui Trismegistui (I-mas a. pr. Kr.), Dorot\u0117jo i\u0161 Sidono V-toje knygoje apie parenkam\u0105j\u0105 astrologij\u0105 ( I-as a.), Javanad\u017eiatikoje (Yavanajataka:sanskr.: yavana'graikai' + j\u0101taka'astrologinis gimimo horoskopo skai\u010diavimas' = 'graiki\u0161kas astrologinis gimimo horoskopo skai\u010diavimas') - pasak, mokslininko Deivido Pingr\u0117jaus (David Pingree), 149-150 m. i\u0161verstame i\u0161 graik\u0173 kalbos \u012f sanskrito kalb\u0105 veikale apie helenistin\u0119 astrologij\u0105. Graiki\u0161kasis originalas nei\u0161lik\u0119s, kuris galimai buvo para\u0161ytas ~120 metais. Taipogi rasti keli pavyzd\u017eiai astrologo Zeno horoskopuose (V-as a.).<\/p><p>Valandin\u0117 astrologija yra v\u0117lyviausiai susiformavusi astrologijos \u0161aka. Pagrindin\u0117s astrologijos \u0161akos: gimimo (natal), pasaulietin\u0117 (mundane), parenkamoji (electional) ir valandin\u0117 (horary) astrologijos. Tyrin\u0117tojai mano, kad valandin\u0117 astrologija i\u0161sivyst\u0117 pagrinde i\u0161 parenkamosios astrologijos, prie\u0161 konsultacij\u0105 sudarom\u0173 br\u0117\u017eini\u0173, dar vadinam\u0173 min\u010di\u0173 interpretacijomis, norint su\u017einoti, apie k\u0105 bus kalbama konsultacijos metu.<\/p><p>Kad valandin\u0117s astrologija \u012fgaut\u0173 savo dabartin\u0119 form\u0105, taisykles, metodus ir atsiskirt\u0173 kaip atskira savaranki\u0161ka astrologijos \u0161aka prireik\u0117 laiko. VIII ir VIV am\u017eiuose jau randami Teofilijaus i\u0161 Edesos, Masha'allah'o ir Sahl ibn Bishr'o \u0161altiniuose valandin\u0117s astrologijos teorijos ir br\u0117\u017eini\u0173 pavyzd\u017eiai, kurie labiau atitikt\u0173 dabartiniais laikais praktikuojam\u0105 disciplin\u0105.<\/p><p>Klaus\u0117jas, turintis rimt\u0105 klausim\u0105, j\u012f kokia nors forma perduoda astrologui. Jis suprat\u0119s klausim\u0105, pasi\u017eymi laik\u0105 (metus, m\u0117nes\u012f, dien\u0105, valand\u0105, minutes) ir savo buvimo viet\u0105 - tai simbolizuoja klausimo gimimo laik\u0105, nes manoma, jog klausimas gimsta tada, kai pasiekia t\u0105, kuriam jis yra skirtas. Pagal t\u0105 laik\u0105 ir viet\u0105 sudaro br\u0117\u017ein\u012f, o tada \u0161\u012f analizuoja pagal nurodyt\u0105 situacij\u0105. Anks\u010diau klientai ateidavo pas astrologus konsultacijoms \u012f namus ar \u012f j\u0173 darbo vietas, dabar da\u017eniausiai kontaktuojama nuotoliniu b\u016bdu.<\/p><p>Valandin\u0117s astrologijos klest\u0117jimo periodas prasid\u0117jo su lig Viduram\u017eiais ir baig\u0117si Renesansui pasibaigus, tuomet ji buvo labiausiai praktikuojama astrologijos \u0161aka. \u0160iame periode buvo para\u0161ytas reik\u0161mingiausias valandin\u0117s astrologijos veikalas 1647 m. Viljamo Lilio \u201eKrik\u0161\u010dioni\u0161ka astrologija\u201c (Christian astrology), pilnai i\u0161lik\u0119s iki \u0161i\u0173 dien\u0173, tebenaudojamas mokantis valandin\u0119 astrologij\u0105, kuriame yra daugyb\u0117 situacij\u0173 analiz\u0117s pavyzd\u017ei\u0173 i\u0161 pa\u010dio Viljamo astrologin\u0117s praktikos.<\/p><p>Naujaisiais technin\u0117s revoliucijos laikais Europoje visos astrologijos \u0161akos patyr\u0117 nuosmuk\u012f d\u0117l \u017emogaus pasikeitusio tik\u0117jimo technika, technokratija ir jomis gr\u012fsto progreso bei antropocentrinio sav\u0119s pozicionavimo gamtos at\u017evilgiu, tod\u0117l astrologin\u0117 tradicija silpn\u0117jo ir menko.<\/p><p>Nuo v\u0117lyvojo XIX a. ir Naujausi\u0173 XX a. prad\u017eios Europoje stebimas astrologijos atgimimas, nauj\u0173 astrologijos pakraip\u0173 formavimasis. Moderniosios astrologijos susik\u016brimas, kuriai svarbi\u0105 \u012ftak\u0105 padar\u0117 teosof\u0173, Naujojo am\u017eiaus jud\u0117jimas (New Age movement), Alano Leo (Alan Leo), Karlo Gustavo Jungo (Carl Gustav Jung), Dano Rudhyaro (Dane Rudhyar), Marko Edmundo D\u017eonso (Marc Edmund Jones) mintys ir darbai. XX a. prasid\u0117jo ir tradicin\u0117s astrologijos (vadinasi ir tradicin\u0117s valandin\u0117s astrologijos) gaivinimas: sen\u0173 metod\u0173 rekonstravimai, tyrimai ir taikymai.<\/p><p>\u0160altiniai:<br \/>&#8211; William Lilly, Christian Astrology<br \/>&#8211; Chris Brennan, Hellenistic Astrology: The Study of Fate and Fortune<br \/>&#8211; <span style=\"text-decoration: underline;\"><a href=\"https:\/\/en.wikipedia.org\/wiki\/Yavanajataka\">Yavanajataka on Wikipedia<\/a><\/span><br \/>&#8211; <span style=\"text-decoration: underline;\"><a href=\"https:\/\/www.wisdomlib.org\/definition\/jataka\">Wisdom Library &#8211; Definition of Jataka<\/a><\/span><\/p>\t\t\t\t\t\t\t\t<\/div>\n\t\t\t\t<\/div>\n\t\t\t\t<\/div>\n\t\t\t\t<\/div>\n\t\t\t\t<\/div>\n\t\t\t\t\t<\/div>\n\t\t\t\t<\/div>\n\t\t\t\t<\/div>","protected":false},"excerpt":{"rendered":"<p>Horary Astrology: What? How? A bit about the history and method The primary names for horary astrology were: in Greek &#8211; erotesis, in Arabic &#8211; masa\u2019il, in Sanskrit &#8211; pra\u015bna, and in later English sources, names such as questions, interrogations, and procedural questions asked before examining the consultative chart (inquiries). It was not until the [&hellip;]<\/p>\n","protected":false},"author":1,"featured_media":0,"parent":0,"menu_order":0,"comment_status":"closed","ping_status":"closed","template":"","meta":{"site-sidebar-layout":"no-sidebar","site-content-layout":"page-builder","ast-site-content-layout":"full-width-container","site-content-style":"default","site-sidebar-style":"default","ast-global-header-display":"","ast-banner-title-visibility":"","ast-main-header-display":"","ast-hfb-above-header-display":"","ast-hfb-below-header-display":"","ast-hfb-mobile-header-display":"","site-post-title":"disabled","ast-breadcrumbs-content":"","ast-featured-img":"disabled","footer-sml-layout":"","ast-disable-related-posts":"","theme-transparent-header-meta":"","adv-header-id-meta":"","stick-header-meta":"","header-above-stick-meta":"","header-main-stick-meta":"","header-below-stick-meta":"","astra-migrate-meta-layouts":"set","ast-page-background-enabled":"default","ast-page-background-meta":{"desktop":{"background-color":"var(--ast-global-color-4)","background-image":"","background-repeat":"repeat","background-position":"center center","background-size":"auto","background-attachment":"scroll","background-type":"","background-media":"","overlay-type":"","overlay-color":"","overlay-opacity":"","overlay-gradient":""},"tablet":{"background-color":"","background-image":"","background-repeat":"repeat","background-position":"center center","background-size":"auto","background-attachment":"scroll","background-type":"","background-media":"","overlay-type":"","overlay-color":"","overlay-opacity":"","overlay-gradient":""},"mobile":{"background-color":"","background-image":"","background-repeat":"repeat","background-position":"center center","background-size":"auto","background-attachment":"scroll","background-type":"","background-media":"","overlay-type":"","overlay-color":"","overlay-opacity":"","overlay-gradient":""}},"ast-content-background-meta":{"desktop":{"background-color":"var(--ast-global-color-5)","background-image":"","background-repeat":"repeat","background-position":"center center","background-size":"auto","background-attachment":"scroll","background-type":"","background-media":"","overlay-type":"","overlay-color":"","overlay-opacity":"","overlay-gradient":""},"tablet":{"background-color":"var(--ast-global-color-5)","background-image":"","background-repeat":"repeat","background-position":"center center","background-size":"auto","background-attachment":"scroll","background-type":"","background-media":"","overlay-type":"","overlay-color":"","overlay-opacity":"","overlay-gradient":""},"mobile":{"background-color":"var(--ast-global-color-5)","background-image":"","background-repeat":"repeat","background-position":"center center","background-size":"auto","background-attachment":"scroll","background-type":"","background-media":"","overlay-type":"","overlay-color":"","overlay-opacity":"","overlay-gradient":""}},"footnotes":""},"class_list":["post-1328","page","type-page","status-publish","hentry"],"aioseo_notices":[],"_links":{"self":[{"href":"https:\/\/astro-obser.com\/lt\/wp-json\/wp\/v2\/pages\/1328"}],"collection":[{"href":"https:\/\/astro-obser.com\/lt\/wp-json\/wp\/v2\/pages"}],"about":[{"href":"https:\/\/astro-obser.com\/lt\/wp-json\/wp\/v2\/types\/page"}],"author":[{"embeddable":true,"href":"https:\/\/astro-obser.com\/lt\/wp-json\/wp\/v2\/users\/1"}],"replies":[{"embeddable":true,"href":"https:\/\/astro-obser.com\/lt\/wp-json\/wp\/v2\/comments?post=1328"}],"version-history":[{"count":13,"href":"https:\/\/astro-obser.com\/lt\/wp-json\/wp\/v2\/pages\/1328\/revisions"}],"predecessor-version":[{"id":1348,"href":"https:\/\/astro-obser.com\/lt\/wp-json\/wp\/v2\/pages\/1328\/revisions\/1348"}],"wp:attachment":[{"href":"https:\/\/astro-obser.com\/lt\/wp-json\/wp\/v2\/media?parent=1328"}],"curies":[{"name":"wp","href":"https:\/\/api.w.org\/{rel}","templated":true}]}}