{"id":252,"date":"2021-08-18T05:35:45","date_gmt":"2021-08-18T05:35:45","guid":{"rendered":"https:\/\/astro-obser.com\/about\/"},"modified":"2024-09-07T20:32:13","modified_gmt":"2024-09-07T20:32:13","slug":"about","status":"publish","type":"page","link":"https:\/\/astro-obser.com\/lt\/about\/","title":{"rendered":"Apie"},"content":{"rendered":"<div data-elementor-type=\"wp-page\" data-elementor-id=\"252\" class=\"elementor elementor-252\">\n\t\t\t\t<div class=\"elementor-element elementor-element-d98598e e-flex e-con-boxed e-con e-parent\" data-id=\"d98598e\" data-element_type=\"container\" data-e-type=\"container\" data-settings=\"{&quot;background_background&quot;:&quot;classic&quot;}\">\n\t\t\t\t\t<div class=\"e-con-inner\">\n\t\t<div class=\"elementor-element elementor-element-8e35f02 e-con-full e-flex e-con e-child\" data-id=\"8e35f02\" data-element_type=\"container\" data-e-type=\"container\">\n\t\t<div class=\"elementor-element elementor-element-dc8a5d1 e-con-full e-flex e-con e-child\" data-id=\"dc8a5d1\" data-element_type=\"container\" data-e-type=\"container\">\n\t\t<div class=\"elementor-element elementor-element-456a062 e-con-full e-flex e-con e-child\" data-id=\"456a062\" data-element_type=\"container\" data-e-type=\"container\">\n\t\t\t\t<div class=\"elementor-element elementor-element-2c153d6 elementor-widget elementor-widget-heading\" data-id=\"2c153d6\" data-element_type=\"widget\" data-e-type=\"widget\" data-widget_type=\"heading.default\">\n\t\t\t\t<div class=\"elementor-widget-container\">\n\t\t\t\t\t<h1 class=\"elementor-heading-title elementor-size-default\">Apie<\/h1>\t\t\t\t<\/div>\n\t\t\t\t<\/div>\n\t\t\t\t<div class=\"elementor-element elementor-element-d5905d3 elementor-widget elementor-widget-image\" data-id=\"d5905d3\" data-element_type=\"widget\" data-e-type=\"widget\" data-widget_type=\"image.default\">\n\t\t\t\t<div class=\"elementor-widget-container\">\n\t\t\t\t\t\t\t\t\t\t\t\t\t\t\t<img fetchpriority=\"high\" decoding=\"async\" width=\"768\" height=\"1024\" src=\"https:\/\/astro-obser.com\/wp-content\/uploads\/2024\/09\/unnamed-768x1024.jpg\" class=\"attachment-medium_large size-medium_large wp-image-1319\" alt=\"\" srcset=\"https:\/\/astro-obser.com\/wp-content\/uploads\/2024\/09\/unnamed-768x1024.jpg 768w, https:\/\/astro-obser.com\/wp-content\/uploads\/2024\/09\/unnamed-225x300.jpg 225w, https:\/\/astro-obser.com\/wp-content\/uploads\/2024\/09\/unnamed-1152x1536.jpg 1152w, https:\/\/astro-obser.com\/wp-content\/uploads\/2024\/09\/unnamed-1536x2048.jpg 1536w, https:\/\/astro-obser.com\/wp-content\/uploads\/2024\/09\/unnamed-9x12.jpg 9w, https:\/\/astro-obser.com\/wp-content\/uploads\/2024\/09\/unnamed-600x800.jpg 600w, https:\/\/astro-obser.com\/wp-content\/uploads\/2024\/09\/unnamed-scaled.jpg 1920w\" sizes=\"(max-width: 768px) 100vw, 768px\" \/>\t\t\t\t\t\t\t\t\t\t\t\t\t\t\t<\/div>\n\t\t\t\t<\/div>\n\t\t\t\t<\/div>\n\t\t<div class=\"elementor-element elementor-element-3fd0bca e-con-full e-flex e-con e-child\" data-id=\"3fd0bca\" data-element_type=\"container\" data-e-type=\"container\">\n\t\t\t\t<div class=\"elementor-element elementor-element-4b0f8cb elementor-widget-divider--view-line elementor-widget elementor-widget-divider\" data-id=\"4b0f8cb\" data-element_type=\"widget\" data-e-type=\"widget\" data-widget_type=\"divider.default\">\n\t\t\t\t<div class=\"elementor-widget-container\">\n\t\t\t\t\t\t\t<div class=\"elementor-divider\">\n\t\t\t<span class=\"elementor-divider-separator\">\n\t\t\t\t\t\t<\/span>\n\t\t<\/div>\n\t\t\t\t\t\t<\/div>\n\t\t\t\t<\/div>\n\t\t\t\t<div class=\"elementor-element elementor-element-b5f1814 elementor-widget elementor-widget-text-editor\" data-id=\"b5f1814\" data-element_type=\"widget\" data-e-type=\"widget\" data-widget_type=\"text-editor.default\">\n\t\t\t\t<div class=\"elementor-widget-container\">\n\t\t\t\t\t\t\t\t\t<p>Susidom\u0117jimas astrologija kilo nuo tada, kai vaikyst\u0117je su\u017einojau savo zodiako \u017eenkl\u0105. \u017denklo charakteristikos priskyrimas ir \u017emoni\u0173 tapatinimasis su zodiako \u017eenklu, skaitant populiariuosius leidinius, suk\u0117l\u0117 smalsum\u0105 ir neai\u0161kum\u0105. Kilo pradiniai klausimai: kod\u0117l \u017emoni\u0173, gimusi\u0173 tame pa\u010diame \u017eenkle, charakteriai skiriasi? Kas yra \u017eenklai? Kuo jie pagr\u012fsti? Kuomet kokybine prasme nebetenkino pa\u010dios susirasti \u0161altiniai, nusprend\u017eiau susirasti profesional\u0173 mokytoj\u0105. 2015 metais prad\u0117jau studijuoti priva\u010diai pas vien\u0105 geriausi\u0173 pasaulinio garso valandin\u0117s arba kitaip, kaip senesniais laikais buvo vadinama \u2013 klausimo astrologijos profesional\u0173 D\u017eion\u0105 Frol\u012f ( <strong><a href=\"https:\/\/en.wikipedia.org\/wiki\/John_Frawley_(astrologer)\">John Frawley<\/a><\/strong>\u200e ). 2018 metais pavasar\u012f s\u0117kmingai i\u0161laikiau paskutin\u012f egzamin\u0105 ir baigiau studijas \u012fgydama valandin\u0117s astrolog\u0117s vard\u0105.<\/p><p>Mano domesio laukai: astrologijos filosofija, istorija, jos rai\u0161ka kasdienyb\u0117je, gamtoje, kult\u016broje, astrologijos sistemos, j\u0173 suvokimai, konceptai. Veidotyra. 2015 metais baigiau veidotyros kursus pas Liudmil\u0105 Aleksandrov\u0105.<\/p><p>Patirtis dirbant su \u017emon\u0117mis, turin\u010diais proto negali\u0105, leido \u012f\u017evelgti i\u0161ry\u0161kintus skirtingus pasaulio suvokimus, visa ko reliatyvum\u0105 ir kompleksi\u0161kum\u0105, kelti klausimus nusistov\u0117jusioms normoms. Baigti vizuali\u0173j\u0173 men\u0173 ir edukologijos mokslai talkina atsakym\u0173 paie\u0161kose, j\u0173 i\u0161rai\u0161koje bei \u0161vietime.<\/p><p>\u0160iuo metu studijuoju helenistin\u0117s astrologijos istorij\u0105 bei jos metodus Kriso Brenano (Chris Brennan), profesionalaus Amerikos astrologo bei knygos \u201eHellenistic Astrology: The Study of Fate and Fortune\u201c autoriaus, kursuose.<\/p><p>Praktikuoju ir teikiu konsultacijas valandin\u0117s astrologijos \u0161akos ribose su mintimi \u012fgyti profesionalum\u0105, gilum\u0105, puik\u0173 vienos astrologijos \u0161akos i\u0161manym\u0105, nepasiduodant suteikiam\u0173 paslaug\u0173 kiekyb\u0117s kultivavimui \u0161iuolaikyb\u0117je.<\/p>\t\t\t\t\t\t\t\t<\/div>\n\t\t\t\t<\/div>\n\t\t\t\t<\/div>\n\t\t\t\t<\/div>\n\t\t<div class=\"elementor-element elementor-element-e4cd48d e-con-full e-flex e-con e-child\" data-id=\"e4cd48d\" data-element_type=\"container\" data-e-type=\"container\">\n\t\t<div class=\"elementor-element elementor-element-2dd0a9e e-con-full e-flex e-con e-child\" data-id=\"2dd0a9e\" data-element_type=\"container\" data-e-type=\"container\">\n\t\t\t\t<div class=\"elementor-element elementor-element-4b397ab elementor-widget elementor-widget-image\" data-id=\"4b397ab\" data-element_type=\"widget\" data-e-type=\"widget\" data-widget_type=\"image.default\">\n\t\t\t\t<div class=\"elementor-widget-container\">\n\t\t\t\t\t\t\t\t\t\t\t\t\t\t\t<img decoding=\"async\" width=\"500\" height=\"370\" src=\"https:\/\/astro-obser.com\/wp-content\/uploads\/2024\/09\/astrologijos-diplomas.jpg\" class=\"attachment-large size-large wp-image-1318\" alt=\"\" srcset=\"https:\/\/astro-obser.com\/wp-content\/uploads\/2024\/09\/astrologijos-diplomas.jpg 500w, https:\/\/astro-obser.com\/wp-content\/uploads\/2024\/09\/astrologijos-diplomas-300x222.jpg 300w, https:\/\/astro-obser.com\/wp-content\/uploads\/2024\/09\/astrologijos-diplomas-16x12.jpg 16w\" sizes=\"(max-width: 500px) 100vw, 500px\" \/>\t\t\t\t\t\t\t\t\t\t\t\t\t\t\t<\/div>\n\t\t\t\t<\/div>\n\t\t\t\t<\/div>\n\t\t<div class=\"elementor-element elementor-element-a9c5396 e-con-full e-flex e-con e-child\" data-id=\"a9c5396\" data-element_type=\"container\" data-e-type=\"container\">\n\t\t\t\t<div class=\"elementor-element elementor-element-06c9711 elementor-view-default elementor-widget elementor-widget-icon\" data-id=\"06c9711\" data-element_type=\"widget\" data-e-type=\"widget\" data-widget_type=\"icon.default\">\n\t\t\t\t<div class=\"elementor-widget-container\">\n\t\t\t\t\t\t\t<div class=\"elementor-icon-wrapper\">\n\t\t\t<div class=\"elementor-icon\">\n\t\t\t<svg aria-hidden=\"true\" class=\"e-font-icon-svg e-fas-quote-left\" viewbox=\"0 0 512 512\" xmlns=\"http:\/\/www.w3.org\/2000\/svg\"><path d=\"M464 256h-80v-64c0-35.3 28.7-64 64-64h8c13.3 0 24-10.7 24-24V56c0-13.3-10.7-24-24-24h-8c-88.4 0-160 71.6-160 160v240c0 26.5 21.5 48 48 48h128c26.5 0 48-21.5 48-48V304c0-26.5-21.5-48-48-48zm-288 0H96v-64c0-35.3 28.7-64 64-64h8c13.3 0 24-10.7 24-24V56c0-13.3-10.7-24-24-24h-8C71.6 32 0 103.6 0 192v240c0 26.5 21.5 48 48 48h128c26.5 0 48-21.5 48-48V304c0-26.5-21.5-48-48-48z\"><\/path><\/svg>\t\t\t<\/div>\n\t\t<\/div>\n\t\t\t\t\t\t<\/div>\n\t\t\t\t<\/div>\n\t\t\t\t<div class=\"elementor-element elementor-element-82283db elementor-widget elementor-widget-testimonial\" data-id=\"82283db\" data-element_type=\"widget\" data-e-type=\"widget\" data-widget_type=\"testimonial.default\">\n\t\t\t\t<div class=\"elementor-widget-container\">\n\t\t\t\t\t\t\t<div class=\"elementor-testimonial-wrapper\">\n\t\t\t\t\t\t\t<div class=\"elementor-testimonial-content\">Ingrida has been an excellent student, eager to learn and rising to meet every challenge as she has worked her way through a very demanding course of study. Now, as she spreads her wings to fly by herself, I am sure this determination will bring good results in her work with clients. I commend her and wish her well!<\/div>\n\t\t\t\n\t\t\t\t\t\t<div class=\"elementor-testimonial-meta elementor-has-image elementor-testimonial-image-position-aside\">\n\t\t\t\t<div class=\"elementor-testimonial-meta-inner\">\n\t\t\t\t\t\t\t\t\t\t\t<div class=\"elementor-testimonial-image\">\n\t\t\t\t\t\t\t<img decoding=\"async\" width=\"282\" height=\"282\" src=\"https:\/\/astro-obser.com\/wp-content\/uploads\/2024\/09\/8897587-1608779095250-ec00f8df1d1ce-e1725726014270.jpg\" class=\"attachment-full size-full wp-image-1317\" alt=\"\" srcset=\"https:\/\/astro-obser.com\/wp-content\/uploads\/2024\/09\/8897587-1608779095250-ec00f8df1d1ce-e1725726014270.jpg 282w, https:\/\/astro-obser.com\/wp-content\/uploads\/2024\/09\/8897587-1608779095250-ec00f8df1d1ce-e1725726014270-150x150.jpg 150w, https:\/\/astro-obser.com\/wp-content\/uploads\/2024\/09\/8897587-1608779095250-ec00f8df1d1ce-e1725726014270-12x12.jpg 12w, https:\/\/astro-obser.com\/wp-content\/uploads\/2024\/09\/8897587-1608779095250-ec00f8df1d1ce-e1725726014270-100x100.jpg 100w\" sizes=\"(max-width: 282px) 100vw, 282px\" \/>\t\t\t\t\t\t<\/div>\n\t\t\t\t\t\n\t\t\t\t\t\t\t\t\t\t<div class=\"elementor-testimonial-details\">\n\t\t\t\t\t\t\t\t\t\t\t\t\t\t<div class=\"elementor-testimonial-name\">D\u017eionas Frolis<\/div>\n\t\t\t\t\t\t\t\t\t\t\t\t\t\t\t\t\t\t\t\t\t\t<div class=\"elementor-testimonial-job\">Visame pasaulyje pripa\u017eintas astrologas, ra\u0161ytojas ir edukatorius<\/div>\n\t\t\t\t\t\t\t\t\t\t\t\t\t<\/div>\n\t\t\t\t\t\t\t\t\t<\/div>\n\t\t\t<\/div>\n\t\t\t\t\t<\/div>\n\t\t\t\t\t\t<\/div>\n\t\t\t\t<\/div>\n\t\t\t\t<\/div>\n\t\t\t\t<\/div>\n\t\t\t\t<\/div>\n\t\t\t\t\t<\/div>\n\t\t\t\t<\/div>\n\t\t\t\t<\/div>","protected":false},"excerpt":{"rendered":"<p>About My interest in astrology began when I discovered my zodiac sign as a child. The assignment of characteristics to a sign and people&#8217;s identification with their zodiac sign, as seen in popular publications, sparked curiosity and uncertainty. Initial questions arose: why do the characteristics of people born under the same sign differ? What are [&hellip;]<\/p>\n","protected":false},"author":1,"featured_media":0,"parent":0,"menu_order":0,"comment_status":"closed","ping_status":"closed","template":"","meta":{"site-sidebar-layout":"no-sidebar","site-content-layout":"page-builder","ast-site-content-layout":"default","site-content-style":"default","site-sidebar-style":"default","ast-global-header-display":"","ast-banner-title-visibility":"","ast-main-header-display":"","ast-hfb-above-header-display":"","ast-hfb-below-header-display":"","ast-hfb-mobile-header-display":"","site-post-title":"disabled","ast-breadcrumbs-content":"disabled","ast-featured-img":"disabled","footer-sml-layout":"","ast-disable-related-posts":"","theme-transparent-header-meta":"default","adv-header-id-meta":"","stick-header-meta":"","header-above-stick-meta":"","header-main-stick-meta":"","header-below-stick-meta":"","astra-migrate-meta-layouts":"default","ast-page-background-enabled":"default","ast-page-background-meta":{"desktop":{"background-color":"var(--ast-global-color-4)","background-image":"","background-repeat":"repeat","background-position":"center center","background-size":"auto","background-attachment":"scroll","background-type":"","background-media":"","overlay-type":"","overlay-color":"","overlay-opacity":"","overlay-gradient":""},"tablet":{"background-color":"","background-image":"","background-repeat":"repeat","background-position":"center center","background-size":"auto","background-attachment":"scroll","background-type":"","background-media":"","overlay-type":"","overlay-color":"","overlay-opacity":"","overlay-gradient":""},"mobile":{"background-color":"","background-image":"","background-repeat":"repeat","background-position":"center center","background-size":"auto","background-attachment":"scroll","background-type":"","background-media":"","overlay-type":"","overlay-color":"","overlay-opacity":"","overlay-gradient":""}},"ast-content-background-meta":{"desktop":{"background-color":"var(--ast-global-color-5)","background-image":"","background-repeat":"repeat","background-position":"center center","background-size":"auto","background-attachment":"scroll","background-type":"","background-media":"","overlay-type":"","overlay-color":"","overlay-opacity":"","overlay-gradient":""},"tablet":{"background-color":"var(--ast-global-color-5)","background-image":"","background-repeat":"repeat","background-position":"center center","background-size":"auto","background-attachment":"scroll","background-type":"","background-media":"","overlay-type":"","overlay-color":"","overlay-opacity":"","overlay-gradient":""},"mobile":{"background-color":"var(--ast-global-color-5)","background-image":"","background-repeat":"repeat","background-position":"center center","background-size":"auto","background-attachment":"scroll","background-type":"","background-media":"","overlay-type":"","overlay-color":"","overlay-opacity":"","overlay-gradient":""}},"footnotes":""},"class_list":["post-252","page","type-page","status-publish","hentry"],"aioseo_notices":[],"_links":{"self":[{"href":"https:\/\/astro-obser.com\/lt\/wp-json\/wp\/v2\/pages\/252"}],"collection":[{"href":"https:\/\/astro-obser.com\/lt\/wp-json\/wp\/v2\/pages"}],"about":[{"href":"https:\/\/astro-obser.com\/lt\/wp-json\/wp\/v2\/types\/page"}],"author":[{"embeddable":true,"href":"https:\/\/astro-obser.com\/lt\/wp-json\/wp\/v2\/users\/1"}],"replies":[{"embeddable":true,"href":"https:\/\/astro-obser.com\/lt\/wp-json\/wp\/v2\/comments?post=252"}],"version-history":[{"count":21,"href":"https:\/\/astro-obser.com\/lt\/wp-json\/wp\/v2\/pages\/252\/revisions"}],"predecessor-version":[{"id":1407,"href":"https:\/\/astro-obser.com\/lt\/wp-json\/wp\/v2\/pages\/252\/revisions\/1407"}],"wp:attachment":[{"href":"https:\/\/astro-obser.com\/lt\/wp-json\/wp\/v2\/media?parent=252"}],"curies":[{"name":"wp","href":"https:\/\/api.w.org\/{rel}","templated":true}]}}